{"id":33,"date":"2018-12-24T16:12:48","date_gmt":"2018-12-24T15:12:48","guid":{"rendered":"http:\/\/ajunchantres2si2la.fr\/?page_id=33"},"modified":"2023-07-17T12:48:04","modified_gmt":"2023-07-17T10:48:04","slug":"a-propos-de-lino-marty","status":"publish","type":"page","link":"https:\/\/ajunchantres2si2la.fr\/index.php\/a-propos-de-lino-marty\/","title":{"rendered":"A propos de Lino Marty"},"content":{"rendered":"<p>Chante et s&rsquo;accompagne avec une guitare et un harmonica. Se pla\u00eet \u00e0 reprendre quelques chansons de Bob Dylan. Et \u00ab\u00a0<span style=\"text-decoration: underline;\"><em>Blowin&rsquo; In The Wind\u00a0\u00bb<\/em><\/span> figure parmi ses pr\u00e9f\u00e9r\u00e9es.<br \/>\nLe clip dont un lien figure ci-dessous\u00a0 a \u00e9t\u00e9 r\u00e9alis\u00e9 le 11 novembre 2018\u00a0 \u00e0 l&rsquo;estaminet de la Ferme d&rsquo;en Haut de Villeneuve d&rsquo;Ascq.<\/p>\n<p><a href=\"https:\/\/youtu.be\/tx1i9CRYQrg\">Little Old Sod Shanty On My Claim<\/a><\/p>\n","protected":false},"excerpt":{"rendered":"<p>Chante et s&rsquo;accompagne avec une guitare et un harmonica. Se pla\u00eet \u00e0 reprendre quelques chansons de Bob Dylan. Et \u00ab\u00a0Blowin&rsquo; In The Wind\u00a0\u00bb figure parmi ses pr\u00e9f\u00e9r\u00e9es. Le clip dont un lien figure ci-dessous\u00a0 a \u00e9t\u00e9 r\u00e9alis\u00e9 le 11 novembre 2018\u00a0 \u00e0 l&rsquo;estaminet de la Ferme d&rsquo;en Haut de Villeneuve d&rsquo;Ascq. Little Old Sod Shanty &hellip; <\/p>\n<p class=\"link-more\"><a href=\"https:\/\/ajunchantres2si2la.fr\/index.php\/a-propos-de-lino-marty\/\" class=\"more-link\">Continuer la lecture<span class=\"screen-reader-text\"> de &laquo;&nbsp;A propos de Lino Marty&nbsp;&raquo;<\/span><\/a><\/p>\n","protected":false},"author":1,"featured_media":0,"parent":0,"menu_order":0,"comment_status":"closed","ping_status":"closed","template":"","meta":[],"yoast_head":"<!-- This site is optimized with the Yoast SEO plugin v18.9 - https:\/\/yoast.com\/wordpress\/plugins\/seo\/ -->\n<title>A propos de Lino Marty - AJUN CHANTRE de-ci de-l\u00e0<\/title>\n<meta name=\"robots\" content=\"index, follow, max-snippet:-1, max-image-preview:large, max-video-preview:-1\" \/>\n<link rel=\"canonical\" href=\"https:\/\/ajunchantres2si2la.fr\/index.php\/a-propos-de-lino-marty\/\" \/>\n<meta property=\"og:locale\" content=\"fr_FR\" \/>\n<meta property=\"og:type\" content=\"article\" \/>\n<meta property=\"og:title\" content=\"A propos de Lino Marty - AJUN CHANTRE de-ci de-l\u00e0\" \/>\n<meta property=\"og:description\" content=\"Chante et s&rsquo;accompagne avec une guitare et un harmonica. Se pla\u00eet \u00e0 reprendre quelques chansons de Bob Dylan. Et \u00ab\u00a0Blowin&rsquo; In The Wind\u00a0\u00bb figure parmi ses pr\u00e9f\u00e9r\u00e9es. Le clip dont un lien figure ci-dessous\u00a0 a \u00e9t\u00e9 r\u00e9alis\u00e9 le 11 novembre 2018\u00a0 \u00e0 l&rsquo;estaminet de la Ferme d&rsquo;en Haut de Villeneuve d&rsquo;Ascq. Little Old Sod Shanty &hellip; Continuer la lecture de &laquo;&nbsp;A propos de Lino Marty&nbsp;&raquo;\" \/>\n<meta property=\"og:url\" content=\"https:\/\/ajunchantres2si2la.fr\/index.php\/a-propos-de-lino-marty\/\" \/>\n<meta property=\"og:site_name\" content=\"AJUN CHANTRE de-ci de-l\u00e0\" \/>\n<meta property=\"article:modified_time\" content=\"2023-07-17T10:48:04+00:00\" \/>\n<meta name=\"twitter:card\" content=\"summary_large_image\" \/>\n<meta name=\"twitter:label1\" content=\"Dur\u00e9e de lecture estim\u00e9e\" \/>\n\t<meta name=\"twitter:data1\" content=\"1 minute\" \/>\n<script type=\"application\/ld+json\" class=\"yoast-schema-graph\">{\"@context\":\"https:\/\/schema.org\",\"@graph\":[{\"@type\":\"WebSite\",\"@id\":\"https:\/\/ajunchantres2si2la.fr\/#website\",\"url\":\"https:\/\/ajunchantres2si2la.fr\/\",\"name\":\"AJUN CHANTRE DE-CI DE-LA\",\"description\":\"CHANSONS POPULAIRES ET TRADITIONNELLES DU MONDE\",\"potentialAction\":[{\"@type\":\"SearchAction\",\"target\":{\"@type\":\"EntryPoint\",\"urlTemplate\":\"https:\/\/ajunchantres2si2la.fr\/?s={search_term_string}\"},\"query-input\":\"required name=search_term_string\"}],\"inLanguage\":\"fr-FR\"},{\"@type\":\"WebPage\",\"@id\":\"https:\/\/ajunchantres2si2la.fr\/index.php\/a-propos-de-lino-marty\/#webpage\",\"url\":\"https:\/\/ajunchantres2si2la.fr\/index.php\/a-propos-de-lino-marty\/\",\"name\":\"A propos de Lino Marty - AJUN CHANTRE de-ci de-l\u00e0\",\"isPartOf\":{\"@id\":\"https:\/\/ajunchantres2si2la.fr\/#website\"},\"datePublished\":\"2018-12-24T15:12:48+00:00\",\"dateModified\":\"2023-07-17T10:48:04+00:00\",\"breadcrumb\":{\"@id\":\"https:\/\/ajunchantres2si2la.fr\/index.php\/a-propos-de-lino-marty\/#breadcrumb\"},\"inLanguage\":\"fr-FR\",\"potentialAction\":[{\"@type\":\"ReadAction\",\"target\":[\"https:\/\/ajunchantres2si2la.fr\/index.php\/a-propos-de-lino-marty\/\"]}]},{\"@type\":\"BreadcrumbList\",\"@id\":\"https:\/\/ajunchantres2si2la.fr\/index.php\/a-propos-de-lino-marty\/#breadcrumb\",\"itemListElement\":[{\"@type\":\"ListItem\",\"position\":1,\"name\":\"Accueil\",\"item\":\"https:\/\/ajunchantres2si2la.fr\/\"},{\"@type\":\"ListItem\",\"position\":2,\"name\":\"A propos de Lino Marty\"}]}]}<\/script>\n<!-- \/ Yoast SEO plugin. -->","yoast_head_json":{"title":"A propos de Lino Marty - AJUN CHANTRE de-ci de-l\u00e0","robots":{"index":"index","follow":"follow","max-snippet":"max-snippet:-1","max-image-preview":"max-image-preview:large","max-video-preview":"max-video-preview:-1"},"canonical":"https:\/\/ajunchantres2si2la.fr\/index.php\/a-propos-de-lino-marty\/","og_locale":"fr_FR","og_type":"article","og_title":"A propos de Lino Marty - AJUN CHANTRE de-ci de-l\u00e0","og_description":"Chante et s&rsquo;accompagne avec une guitare et un harmonica. Se pla\u00eet \u00e0 reprendre quelques chansons de Bob Dylan. Et \u00ab\u00a0Blowin&rsquo; In The Wind\u00a0\u00bb figure parmi ses pr\u00e9f\u00e9r\u00e9es. Le clip dont un lien figure ci-dessous\u00a0 a \u00e9t\u00e9 r\u00e9alis\u00e9 le 11 novembre 2018\u00a0 \u00e0 l&rsquo;estaminet de la Ferme d&rsquo;en Haut de Villeneuve d&rsquo;Ascq. Little Old Sod Shanty &hellip; Continuer la lecture de &laquo;&nbsp;A propos de Lino Marty&nbsp;&raquo;","og_url":"https:\/\/ajunchantres2si2la.fr\/index.php\/a-propos-de-lino-marty\/","og_site_name":"AJUN CHANTRE de-ci de-l\u00e0","article_modified_time":"2023-07-17T10:48:04+00:00","twitter_card":"summary_large_image","twitter_misc":{"Dur\u00e9e de lecture estim\u00e9e":"1 minute"},"schema":{"@context":"https:\/\/schema.org","@graph":[{"@type":"WebSite","@id":"https:\/\/ajunchantres2si2la.fr\/#website","url":"https:\/\/ajunchantres2si2la.fr\/","name":"AJUN CHANTRE DE-CI DE-LA","description":"CHANSONS POPULAIRES ET TRADITIONNELLES DU MONDE","potentialAction":[{"@type":"SearchAction","target":{"@type":"EntryPoint","urlTemplate":"https:\/\/ajunchantres2si2la.fr\/?s={search_term_string}"},"query-input":"required name=search_term_string"}],"inLanguage":"fr-FR"},{"@type":"WebPage","@id":"https:\/\/ajunchantres2si2la.fr\/index.php\/a-propos-de-lino-marty\/#webpage","url":"https:\/\/ajunchantres2si2la.fr\/index.php\/a-propos-de-lino-marty\/","name":"A propos de Lino Marty - AJUN CHANTRE de-ci de-l\u00e0","isPartOf":{"@id":"https:\/\/ajunchantres2si2la.fr\/#website"},"datePublished":"2018-12-24T15:12:48+00:00","dateModified":"2023-07-17T10:48:04+00:00","breadcrumb":{"@id":"https:\/\/ajunchantres2si2la.fr\/index.php\/a-propos-de-lino-marty\/#breadcrumb"},"inLanguage":"fr-FR","potentialAction":[{"@type":"ReadAction","target":["https:\/\/ajunchantres2si2la.fr\/index.php\/a-propos-de-lino-marty\/"]}]},{"@type":"BreadcrumbList","@id":"https:\/\/ajunchantres2si2la.fr\/index.php\/a-propos-de-lino-marty\/#breadcrumb","itemListElement":[{"@type":"ListItem","position":1,"name":"Accueil","item":"https:\/\/ajunchantres2si2la.fr\/"},{"@type":"ListItem","position":2,"name":"A propos de Lino Marty"}]}]}},"jetpack_sharing_enabled":true,"_links":{"self":[{"href":"https:\/\/ajunchantres2si2la.fr\/index.php\/wp-json\/wp\/v2\/pages\/33"}],"collection":[{"href":"https:\/\/ajunchantres2si2la.fr\/index.php\/wp-json\/wp\/v2\/pages"}],"about":[{"href":"https:\/\/ajunchantres2si2la.fr\/index.php\/wp-json\/wp\/v2\/types\/page"}],"author":[{"embeddable":true,"href":"https:\/\/ajunchantres2si2la.fr\/index.php\/wp-json\/wp\/v2\/users\/1"}],"replies":[{"embeddable":true,"href":"https:\/\/ajunchantres2si2la.fr\/index.php\/wp-json\/wp\/v2\/comments?post=33"}],"version-history":[{"count":6,"href":"https:\/\/ajunchantres2si2la.fr\/index.php\/wp-json\/wp\/v2\/pages\/33\/revisions"}],"predecessor-version":[{"id":1118,"href":"https:\/\/ajunchantres2si2la.fr\/index.php\/wp-json\/wp\/v2\/pages\/33\/revisions\/1118"}],"wp:attachment":[{"href":"https:\/\/ajunchantres2si2la.fr\/index.php\/wp-json\/wp\/v2\/media?parent=33"}],"curies":[{"name":"wp","href":"https:\/\/api.w.org\/{rel}","templated":true}]}}